{"id":31,"date":"2015-12-17T23:29:51","date_gmt":"2015-12-17T22:29:51","guid":{"rendered":"http:\/\/fawobatu.bsg-aok-muenchen.de\/?page_id=31"},"modified":"2015-12-17T23:29:51","modified_gmt":"2015-12-17T22:29:51","slug":"kontakt-impressum","status":"publish","type":"page","link":"https:\/\/fawobatu.bsg-aok-muenchen.de\/index.php\/kontakt-impressum\/","title":{"rendered":"Kontakt \/ Impressum"},"content":{"rendered":"<p>Hier ist eure Kontaktpersonen (auch f\u00fcr diese Homepage verantwortlich):<\/p>\n<p>Uli Sch\u00e4ck (aka &#8222;PaUli&#8220;)<br \/>\nS\u00fcdm\u00e4hrenstr. 60<br \/>\n85586 Poing<br \/>\nEMail: <a href=\"\/\"  class=\"mailcrypt\">volleyball<span><span>\u2202<\/span><\/span>bsg-aok-muenchen.de<\/a><\/p>\n","protected":false},"excerpt":{"rendered":"<p>Hier ist eure Kontaktpersonen (auch f\u00fcr diese Homepage verantwortlich): Uli Sch\u00e4ck (aka &#8222;PaUli&#8220;) S\u00fcdm\u00e4hrenstr. 60 85586 Poing EMail:<\/p>\n","protected":false},"author":1,"featured_media":0,"parent":0,"menu_order":90,"comment_status":"closed","ping_status":"closed","template":"","meta":[],"_links":{"self":[{"href":"https:\/\/fawobatu.bsg-aok-muenchen.de\/index.php\/wp-json\/wp\/v2\/pages\/31"}],"collection":[{"href":"https:\/\/fawobatu.bsg-aok-muenchen.de\/index.php\/wp-json\/wp\/v2\/pages"}],"about":[{"href":"https:\/\/fawobatu.bsg-aok-muenchen.de\/index.php\/wp-json\/wp\/v2\/types\/page"}],"author":[{"embeddable":true,"href":"https:\/\/fawobatu.bsg-aok-muenchen.de\/index.php\/wp-json\/wp\/v2\/users\/1"}],"replies":[{"embeddable":true,"href":"https:\/\/fawobatu.bsg-aok-muenchen.de\/index.php\/wp-json\/wp\/v2\/comments?post=31"}],"version-history":[{"count":1,"href":"https:\/\/fawobatu.bsg-aok-muenchen.de\/index.php\/wp-json\/wp\/v2\/pages\/31\/revisions"}],"predecessor-version":[{"id":32,"href":"https:\/\/fawobatu.bsg-aok-muenchen.de\/index.php\/wp-json\/wp\/v2\/pages\/31\/revisions\/32"}],"wp:attachment":[{"href":"https:\/\/fawobatu.bsg-aok-muenchen.de\/index.php\/wp-json\/wp\/v2\/media?parent=31"}],"curies":[{"name":"wp","href":"https:\/\/api.w.org\/{rel}","templated":true}]}}