{"id":58,"date":"2019-01-06T15:14:30","date_gmt":"2019-01-06T14:14:30","guid":{"rendered":"http:\/\/fawobatu.bsg-aok-muenchen.de\/?page_id=58"},"modified":"2019-01-06T15:18:45","modified_gmt":"2019-01-06T14:18:45","slug":"newsletter","status":"publish","type":"page","link":"https:\/\/fawobatu.bsg-aok-muenchen.de\/index.php\/newsletter\/","title":{"rendered":"Newsletter"},"content":{"rendered":"<p>Wir versenden <em>einmal pro Jahr<\/em> (Ende Dezember \/ Anfang Januar) einen Info wann das n\u00e4chste Faschingsturnier stattfindet. Unten k\u00f6nnt ihr euch selbst zu dieser Info anmelden. Solltet ihr die Info irgendwann einmal nicht mehr erhalten wollen, so k\u00f6nnt ihr euch ganz einfach auch selbst wieder abmelden (ein entsprechender Link wird in der jeweiligen Mail enthalten sein).<br \/>Unten m\u00fcssen mindestens die E-Mail-Adresse und der Vorname ausgef\u00fcllt sein, damit wir euch korrekt ansprechen k\u00f6nnen. Nach dem Abschicken erhaltet ihr eine Mail (&#8222;Double-Opt-In&#8220;), mit der ihr die Anmeldung best\u00e4tigen m\u00fcsst.<\/p>\n<p><script id=\"n2g_script\">!function(e,t,n,c,r,a,i){e.Newsletter2GoTrackingObject=r,e[r]=e[r]||function(){(e[r].q=e[r].q||[]).push(arguments)},e[r].l=1*new Date,a=t.createElement(n),i=t.getElementsByTagName(n)[0],a.async=1,a.src=c,i.parentNode.insertBefore(a,i)}(window,document,\"script\",\"https:\/\/static.newsletter2go.com\/utils.js\",\"n2g\");var config = {\"container\": {\"type\": \"div\",\"class\": \"\",\"style\": \"\"},\"row\": {\"type\": \"div\",\"class\": \"\",\"style\": \"margin-top: 15px;\"},\"columnLeft\": {\"type\": \"div\",\"class\": \"\",\"style\": \"\"},\"columnRight\": {\"type\": \"div\",\"class\": \"\",\"style\": \"\"},\"label\": {\"type\": \"label\",\"class\": \"\",\"style\": \"\"}};n2g('create', '8558iijr-g68d6ezb-mac');n2g('subscribe:createForm', config);<\/script><\/p>\n","protected":false},"excerpt":{"rendered":"<p>Wir versenden einmal pro Jahr (Ende Dezember \/ Anfang Januar) einen Info wann das n\u00e4chste Faschingsturnier stattfindet. Unten k\u00f6nnt ihr euch selbst zu dieser Info anmelden. Solltet ihr die Info irgendwann einmal nicht mehr erhalten wollen, so k\u00f6nnt ihr euch ganz einfach auch selbst wieder abmelden (ein entsprechender Link wird in der jeweiligen Mail enthalten [&hellip;]<\/p>\n","protected":false},"author":1,"featured_media":0,"parent":0,"menu_order":0,"comment_status":"closed","ping_status":"closed","template":"","meta":[],"_links":{"self":[{"href":"https:\/\/fawobatu.bsg-aok-muenchen.de\/index.php\/wp-json\/wp\/v2\/pages\/58"}],"collection":[{"href":"https:\/\/fawobatu.bsg-aok-muenchen.de\/index.php\/wp-json\/wp\/v2\/pages"}],"about":[{"href":"https:\/\/fawobatu.bsg-aok-muenchen.de\/index.php\/wp-json\/wp\/v2\/types\/page"}],"author":[{"embeddable":true,"href":"https:\/\/fawobatu.bsg-aok-muenchen.de\/index.php\/wp-json\/wp\/v2\/users\/1"}],"replies":[{"embeddable":true,"href":"https:\/\/fawobatu.bsg-aok-muenchen.de\/index.php\/wp-json\/wp\/v2\/comments?post=58"}],"version-history":[{"count":4,"href":"https:\/\/fawobatu.bsg-aok-muenchen.de\/index.php\/wp-json\/wp\/v2\/pages\/58\/revisions"}],"predecessor-version":[{"id":62,"href":"https:\/\/fawobatu.bsg-aok-muenchen.de\/index.php\/wp-json\/wp\/v2\/pages\/58\/revisions\/62"}],"wp:attachment":[{"href":"https:\/\/fawobatu.bsg-aok-muenchen.de\/index.php\/wp-json\/wp\/v2\/media?parent=58"}],"curies":[{"name":"wp","href":"https:\/\/api.w.org\/{rel}","templated":true}]}}